{"id":106,"date":"2020-02-29T22:47:05","date_gmt":"2020-02-29T20:47:05","guid":{"rendered":"https:\/\/pg-rahlstedt.de\/?page_id=106"},"modified":"2020-02-29T23:38:50","modified_gmt":"2020-02-29T21:38:50","slug":"kontakt","status":"publish","type":"page","link":"https:\/\/www.pg-rahlstedt.de\/?page_id=106","title":{"rendered":"So finden Sie uns"},"content":{"rendered":"\n<p>Mit den \u00f6ffentlichen Verkehrsmitteln bis Haltestelle Hamburg Rahlstedt und dann \u00fcber den Doberaner Weg in den Heestweg (ca. 5 Minuten Fu\u00dfweg).<br><br>Mit dem Auto \u00fcber den Doberaner Weg oder die Scharbeutzer Stra\u00dfe in den Heestweg.<br>Unsere Praxis befindet sich Heestweg Ecke Doberaner Weg.<br><br><strong>Auf unserem Gel\u00e4nde befinden sich leider keine Parkpl\u00e4tze. Bitte benutzen Sie \u00f6ffentliche Parkm\u00f6glichkeiten.<\/strong><\/p>\n\n\n<p><iframe loading=\"lazy\" src=\"https:\/\/www.google.com\/maps\/embed?pb=!1m18!1m12!1m3!1d1183.7168670718559!2d10.15207221986942!3d53.60356484737923!2m3!1f0!2f0!3f0!3m2!1i1024!2i768!4f13.1!3m3!1m2!1s0x4163bb1dc1e80365%3A0x78bb992e376e094!2sPraxisgemeinschaft%20Rahlstedt%20Neurologie%20und%20Psychiatrie!5e0!3m2!1sde!2sde!4v1583010491085!5m2!1sde!2sde\" width=\"600\" height=\"450\" frameborder=\"0\" style=\"border:0;\" allowfullscreen=\"\"><\/iframe><\/p>\n","protected":false},"excerpt":{"rendered":"<p>Mit den \u00f6ffentlichen Verkehrsmitteln bis Haltestelle Hamburg Rahlstedt und dann \u00fcber den Doberaner Weg in den Heestweg (ca. 5 Minuten Fu\u00dfweg). Mit [&hellip;]<\/p>\n","protected":false},"author":6,"featured_media":0,"parent":0,"menu_order":0,"comment_status":"closed","ping_status":"closed","template":"","meta":{"footnotes":""},"class_list":["post-106","page","type-page","status-publish","hentry"],"_links":{"self":[{"href":"https:\/\/www.pg-rahlstedt.de\/index.php?rest_route=\/wp\/v2\/pages\/106","targetHints":{"allow":["GET"]}}],"collection":[{"href":"https:\/\/www.pg-rahlstedt.de\/index.php?rest_route=\/wp\/v2\/pages"}],"about":[{"href":"https:\/\/www.pg-rahlstedt.de\/index.php?rest_route=\/wp\/v2\/types\/page"}],"author":[{"embeddable":true,"href":"https:\/\/www.pg-rahlstedt.de\/index.php?rest_route=\/wp\/v2\/users\/6"}],"replies":[{"embeddable":true,"href":"https:\/\/www.pg-rahlstedt.de\/index.php?rest_route=%2Fwp%2Fv2%2Fcomments&post=106"}],"version-history":[{"count":7,"href":"https:\/\/www.pg-rahlstedt.de\/index.php?rest_route=\/wp\/v2\/pages\/106\/revisions"}],"predecessor-version":[{"id":160,"href":"https:\/\/www.pg-rahlstedt.de\/index.php?rest_route=\/wp\/v2\/pages\/106\/revisions\/160"}],"wp:attachment":[{"href":"https:\/\/www.pg-rahlstedt.de\/index.php?rest_route=%2Fwp%2Fv2%2Fmedia&parent=106"}],"curies":[{"name":"wp","href":"https:\/\/api.w.org\/{rel}","templated":true}]}}