{"id":2,"date":"2019-09-27T16:46:21","date_gmt":"2019-09-27T16:46:21","guid":{"rendered":"https:\/\/pg-rahlstedt.de\/?page_id=2"},"modified":"2023-10-20T18:23:17","modified_gmt":"2023-10-20T17:23:17","slug":"sample-page","status":"publish","type":"page","link":"https:\/\/www.pg-rahlstedt.de\/","title":{"rendered":"Herzlich Willkommen in der             Praxisgemeinschaft Rahlstedt"},"content":{"rendered":"\n<p class=\"has-vivid-red-color has-text-color\"><strong>Aufgrund eines akuten Personalmangels k\u00f6nnen wir die telefonischen Sprechzeiten leider nicht im gewohnten Ausma\u00df vorhalten. Wir bitten um Ihr Verst\u00e4ndnis!<\/strong><\/p>\n\n\n\n<p>Unsere Praxisgemeinschaft besteht aus der neurologischen Praxis Dr. Schrattenholzer sowie dem Medizinischen Versorgungszentrum Psychiatrie, Psychotherapie und Suchtmedizin. <\/p>\n\n\n\n<p>Im Heestweg versorgen wir Patienten, die sowohl an neurologischen als auch psychiatrischen Erkrankungen leiden. Zus\u00e4tzlich erfolgt eine suchtmedizinische Versorgung (Substitution) von Patienten im Heestweg und in der Zweigpraxis Mendelssohnstra\u00dfe.<\/p>\n\n\n\n<p class=\"has-very-dark-gray-color has-very-light-gray-background-color has-text-color has-background\"><strong>Telefonische Sprechzeiten:<\/strong><br><br>Montag<br>8:00 bis 12:00 Uhr<br><br>Dienstag<br>9:00 bis 11:00 Uhr und 15:00 bis 17:00 Uhr<br><br>Mittwoch <br>8:00 bis 12:00 Uhr<br><br>Donnerstag<br>9:00 bis 11:00 Uhr<br><br>Freitag<br>8:00 bis 12:00 Uhr<br><br>Zus\u00e4tzlich erreichen Sie uns per E-Mail: info@pg-rahlstedt.de<\/p>\n","protected":false},"excerpt":{"rendered":"<p>Aufgrund eines akuten Personalmangels k\u00f6nnen wir die telefonischen Sprechzeiten leider nicht im gewohnten Ausma\u00df vorhalten. Wir bitten um Ihr Verst\u00e4ndnis! Unsere Praxisgemeinschaft [&hellip;]<\/p>\n","protected":false},"author":6,"featured_media":0,"parent":0,"menu_order":0,"comment_status":"closed","ping_status":"closed","template":"","meta":{"footnotes":""},"class_list":["post-2","page","type-page","status-publish","hentry"],"_links":{"self":[{"href":"https:\/\/www.pg-rahlstedt.de\/index.php?rest_route=\/wp\/v2\/pages\/2","targetHints":{"allow":["GET"]}}],"collection":[{"href":"https:\/\/www.pg-rahlstedt.de\/index.php?rest_route=\/wp\/v2\/pages"}],"about":[{"href":"https:\/\/www.pg-rahlstedt.de\/index.php?rest_route=\/wp\/v2\/types\/page"}],"author":[{"embeddable":true,"href":"https:\/\/www.pg-rahlstedt.de\/index.php?rest_route=\/wp\/v2\/users\/6"}],"replies":[{"embeddable":true,"href":"https:\/\/www.pg-rahlstedt.de\/index.php?rest_route=%2Fwp%2Fv2%2Fcomments&post=2"}],"version-history":[{"count":6,"href":"https:\/\/www.pg-rahlstedt.de\/index.php?rest_route=\/wp\/v2\/pages\/2\/revisions"}],"predecessor-version":[{"id":165,"href":"https:\/\/www.pg-rahlstedt.de\/index.php?rest_route=\/wp\/v2\/pages\/2\/revisions\/165"}],"wp:attachment":[{"href":"https:\/\/www.pg-rahlstedt.de\/index.php?rest_route=%2Fwp%2Fv2%2Fmedia&parent=2"}],"curies":[{"name":"wp","href":"https:\/\/api.w.org\/{rel}","templated":true}]}}